{"id":953,"date":"2025-10-13T17:18:07","date_gmt":"2025-10-13T15:18:07","guid":{"rendered":"https:\/\/conny-gluth.de\/1\/?page_id=953"},"modified":"2025-12-02T16:10:43","modified_gmt":"2025-12-02T15:10:43","slug":"film","status":"publish","type":"page","link":"https:\/\/conny-gluth.de\/1\/angebote\/film\/","title":{"rendered":"Visagistin und Styling f\u00fcr Dreharbeiten"},"content":{"rendered":"<p>[et_pb_section fb_built=&#8220;1&#8243; _builder_version=&#8220;4.21.0&#8243; background_color=&#8220;#FFFFFF&#8220; custom_padding=&#8220;0px|||||&#8220; top_divider_style=&#8220;wave2&#8243; top_divider_color=&#8220;#828282&#8243; top_divider_flip=&#8220;vertical&#8220; top_divider_arrangement=&#8220;above_content&#8220; global_colors_info=&#8220;{}&#8220;][et_pb_row _builder_version=&#8220;4.18.0&#8243; _module_preset=&#8220;default&#8220; global_colors_info=&#8220;{}&#8220;][et_pb_column type=&#8220;4_4&#8243; _builder_version=&#8220;4.18.0&#8243; _module_preset=&#8220;default&#8220; global_colors_info=&#8220;{}&#8220;][et_pb_divider show_divider=&#8220;off&#8220; _builder_version=&#8220;4.18.0&#8243; _module_preset=&#8220;default&#8220; height=&#8220;50px&#8220; global_colors_info=&#8220;{}&#8220;][\/et_pb_divider][\/et_pb_column][\/et_pb_row][et_pb_row _builder_version=&#8220;4.21.0&#8243; width=&#8220;100%&#8220; width_tablet=&#8220;74%&#8220; width_phone=&#8220;84%&#8220; width_last_edited=&#8220;on|tablet&#8220; max_width=&#8220;1131px&#8220; max_width_tablet=&#8220;&#8220; max_width_phone=&#8220;&#8220; max_width_last_edited=&#8220;on|tablet&#8220; custom_margin=&#8220;||||false|false&#8220; custom_padding=&#8220;||||false|false&#8220; global_colors_info=&#8220;{}&#8220;][et_pb_column type=&#8220;4_4&#8243; _builder_version=&#8220;4.16&#8243; background_enable_image=&#8220;off&#8220; animation_style=&#8220;slide&#8220; animation_direction=&#8220;left&#8220; global_colors_info=&#8220;{}&#8220;][et_pb_text _builder_version=&#8220;4.27.4&#8243; header_font=&#8220;Raleway|300||||on|||&#8220; header_text_color=&#8220;#000000&#8243; header_font_size=&#8220;71px&#8220; custom_margin=&#8220;||9px||false|false&#8220; custom_padding=&#8220;9px||||false|false&#8220; header_font_size_tablet=&#8220;&#8220; header_font_size_phone=&#8220;37px&#8220; header_font_size_last_edited=&#8220;on|phone&#8220; global_colors_info=&#8220;{}&#8220;]<\/p>\n<h2 style=\"text-align: center;\"><span style=\"color: #ff9900;\">Professionelles<\/span><\/h2>\n<h1 style=\"text-align: center;\"><span style=\"color: #ff9900;\">Make-up &amp; Styling f\u00fcr Dreharbeiten<\/span><\/h1>\n<h2 style=\"text-align: center;\"><span style=\"color: #ff9900;\">Deine Visagistin am Set<\/span><\/h2>\n<p><span style=\"color: #ff9900;\">\u00a0<\/span><\/p>\n<p><span style=\"color: #ff9900;\">\u00a0<\/span><\/p>\n<p>[\/et_pb_text][et_pb_text _builder_version=&#8220;4.27.4&#8243; text_font=&#8220;Quattrocento||||||||&#8220; text_text_color=&#8220;#333333&#8243; text_font_size=&#8220;15px&#8220; text_line_height=&#8220;2.1em&#8220; custom_padding=&#8220;6px||13px||false|false&#8220; text_font_size_tablet=&#8220;&#8220; text_font_size_phone=&#8220;14px&#8220; text_font_size_last_edited=&#8220;on|phone&#8220; global_colors_info=&#8220;{}&#8220;]<\/p>\n<p>Als erfahrene <strong>Visagistin und Stylingberaterin f\u00fcr Dreharbeiten<\/strong> sorge ich daf\u00fcr, dass Schauspieler:innen, Moderator:innen und Models vor der Kamera perfekt in Szene gesetzt werden. Ob Werbespot oder Imagefilm, Filmproduktion oder TV-Show \u2013 ein professionelles Make-up und ein stimmiges Styling sind entscheidend f\u00fcr den Erfolg jeder Produktion.<\/p>\n<p>[\/et_pb_text][\/et_pb_column][\/et_pb_row][et_pb_row column_structure=&#8220;1_2,1_2&#8243; _builder_version=&#8220;4.16&#8243; global_colors_info=&#8220;{}&#8220;][et_pb_column type=&#8220;1_2&#8243; _builder_version=&#8220;4.16&#8243; custom_padding=&#8220;50px|20px|50px||true|false&#8220; animation_style=&#8220;slide&#8220; animation_direction=&#8220;left&#8220; global_colors_info=&#8220;{}&#8220;][et_pb_divider color=&#8220;#000000&#8243; divider_weight=&#8220;3px&#8220; _builder_version=&#8220;4.16&#8243; width=&#8220;86%&#8220; custom_margin_tablet=&#8220;&#8220; custom_margin_phone=&#8220;-4px||8px||false|false&#8220; custom_margin_last_edited=&#8220;on|phone&#8220; global_colors_info=&#8220;{}&#8220;][\/et_pb_divider][et_pb_text _builder_version=&#8220;4.27.4&#8243; header_2_font=&#8220;Raleway|500||||on|||&#8220; header_2_text_color=&#8220;#333333&#8243; header_2_font_size=&#8220;45px&#8220; custom_margin=&#8220;||16px|||&#8220; custom_margin_tablet=&#8220;&#8220; custom_margin_phone=&#8220;||10px||false|false&#8220; custom_margin_last_edited=&#8220;on|phone&#8220; header_2_font_size_tablet=&#8220;&#8220; header_2_font_size_phone=&#8220;31px&#8220; header_2_font_size_last_edited=&#8220;on|phone&#8220; global_colors_info=&#8220;{}&#8220;]<\/p>\n<h1><strong><span style=\"color: #ff9900;\">Warum eine Visagistin am Set unverzichtbar ist<\/span><\/strong><\/h1>\n<p>[\/et_pb_text][et_pb_text _builder_version=&#8220;4.27.4&#8243; text_font=&#8220;Quattrocento||||||||&#8220; text_text_color=&#8220;#333333&#8243; text_font_size=&#8220;16px&#8220; text_line_height=&#8220;2em&#8220; text_font_size_tablet=&#8220;&#8220; text_font_size_phone=&#8220;14px&#8220; text_font_size_last_edited=&#8220;on|phone&#8220; global_colors_info=&#8220;{}&#8220;]<\/p>\n<p>Vor der Kamera z\u00e4hlt jedes Detail. Licht, Kameraeinstellungen und lange Drehtage stellen besondere Anforderungen an Make-up und Styling.<\/p>\n<ul>\n<li><strong>Kamerataugliches Make-up:<\/strong> Haltbar, typgerecht und abgestimmt auf Lichtverh\u00e4ltnisse.<\/li>\n<li><strong>Stylingberatung:<\/strong> Outfits, Farben und Accessoires, die die gew\u00fcnschte Wirkung transportieren.<\/li>\n<li><strong>Kontinuit\u00e4t am Set:<\/strong> Ich achte darauf, dass das Styling \u00fcber alle Szenen hinweg konsistent bleibt.<\/li>\n<li><strong>Schnelle Anpassungen:<\/strong> Bei spontanen \u00c4nderungen oder langen Drehtagen bin ich flexibel zur Stelle.<\/li>\n<li><strong>Augen f\u00fcr Details:<\/strong> Ein Kleidungs-Etikett sichtbar, nicht sitzende Krawatten, Details sind wichtig. Ich achte darauf.<\/li>\n<\/ul>\n<p>[\/et_pb_text][\/et_pb_column][et_pb_column type=&#8220;1_2&#8243; _builder_version=&#8220;4.16&#8243; custom_padding=&#8220;33px||||false|false&#8220; animation_style=&#8220;slide&#8220; animation_direction=&#8220;right&#8220; global_colors_info=&#8220;{}&#8220;][et_pb_image src=&#8220;https:\/\/conny-gluth.de\/1\/wp-content\/uploads\/2025\/11\/Bild-2.jpg&#8220; title_text=&#8220;Bild 2&#8243; _builder_version=&#8220;4.27.4&#8243; custom_margin_tablet=&#8220;&#8220; custom_margin_phone=&#8220;-59px||||false|false&#8220; custom_margin_last_edited=&#8220;on|phone&#8220; border_width_all=&#8220;15px&#8220; border_color_all=&#8220;#ffffff&#8220; box_shadow_style=&#8220;preset3&#8243; global_colors_info=&#8220;{}&#8220;][\/et_pb_image][\/et_pb_column][\/et_pb_row][et_pb_row column_structure=&#8220;1_2,1_2&#8243; _builder_version=&#8220;4.16&#8243; global_colors_info=&#8220;{}&#8220;][et_pb_column type=&#8220;1_2&#8243; _builder_version=&#8220;4.16&#8243; animation_style=&#8220;slide&#8220; animation_direction=&#8220;left&#8220; global_colors_info=&#8220;{}&#8220;][et_pb_image src=&#8220;https:\/\/conny-gluth.de\/1\/wp-content\/uploads\/2025\/11\/Bild-4.jpg&#8220; title_text=&#8220;Bild 4&#8243; _builder_version=&#8220;4.27.4&#8243; border_width_all=&#8220;15px&#8220; border_color_all=&#8220;#ffffff&#8220; box_shadow_style=&#8220;preset3&#8243; locked=&#8220;off&#8220; global_colors_info=&#8220;{}&#8220;][\/et_pb_image][\/et_pb_column][et_pb_column type=&#8220;1_2&#8243; _builder_version=&#8220;4.16&#8243; animation_style=&#8220;slide&#8220; animation_direction=&#8220;right&#8220; global_colors_info=&#8220;{}&#8220;][et_pb_divider color=&#8220;#000000&#8243; divider_weight=&#8220;3px&#8220; _builder_version=&#8220;4.16&#8243; width=&#8220;86%&#8220; custom_margin_tablet=&#8220;&#8220; custom_margin_phone=&#8220;-4px||8px||false|false&#8220; custom_margin_last_edited=&#8220;on|phone&#8220; global_colors_info=&#8220;{}&#8220;][\/et_pb_divider][et_pb_text _builder_version=&#8220;4.27.4&#8243; header_2_font=&#8220;Raleway|500||||on|||&#8220; header_2_text_color=&#8220;#333333&#8243; header_2_font_size=&#8220;45px&#8220; custom_margin=&#8220;||16px|||&#8220; custom_margin_tablet=&#8220;&#8220; custom_margin_phone=&#8220;||10px||false|false&#8220; custom_margin_last_edited=&#8220;on|phone&#8220; header_2_font_size_tablet=&#8220;&#8220; header_2_font_size_phone=&#8220;31px&#8220; header_2_font_size_last_edited=&#8220;on|phone&#8220; global_colors_info=&#8220;{}&#8220;]<\/p>\n<h1><strong><span style=\"color: #ff9900;\">Mein Angebot f\u00fcr Film- und TV-Produktionen<\/span><\/strong><\/h1>\n<p>[\/et_pb_text][et_pb_text _builder_version=&#8220;4.27.4&#8243; text_font=&#8220;Quattrocento||||||||&#8220; text_text_color=&#8220;#333333&#8243; text_font_size=&#8220;17px&#8220; text_line_height=&#8220;2em&#8220; custom_margin=&#8220;40px||||false|false&#8220; custom_margin_tablet=&#8220;&#8220; custom_margin_phone=&#8220;20px||||false|false&#8220; custom_margin_last_edited=&#8220;on|phone&#8220; text_font_size_tablet=&#8220;&#8220; text_font_size_phone=&#8220;14px&#8220; text_font_size_last_edited=&#8220;on|phone&#8220; locked=&#8220;off&#8220; global_colors_info=&#8220;{}&#8220;]<\/p>\n<p>\u2714 <strong>Make-up f\u00fcr Dreharbeiten<\/strong> \u2013 von dezentem Tages-Make-up bis hin zu ausdrucksstarken Looks, abgestimmt auf Drehbuch und Lichtverh\u00e4ltnisse.<br \/>\u2714 <strong>Hairstyling<\/strong> \u2013 inkl. Anpassungen w\u00e4hrend des Drehtages.<br \/>\u2714 <strong>Individuelle Beratung<\/strong> \u2013 ma\u00dfgeschneiderte Looks, die die Pers\u00f6nlichkeit und Rolle optimal unterstreichen.<br \/>\u2714 <strong>Stylingberatung am Set<\/strong> \u2013 Auswahl und Abstimmung von Kleidung, Frisur und Accessoires.<br \/>\u2714 <strong>On-Set-Betreuung<\/strong> \u2013 st\u00e4ndige Begleitung w\u00e4hrend der Dreharbeiten f\u00fcr Touch-ups, Stylingkorrekturen, Frische-Checks und Anpassungen.<br \/>\u2714 <strong>Pers\u00f6nliche Assistenz<\/strong> \u2013 f\u00fcr alle beautybezogenen Anliegen der Darsteller:innen sowie Bereitstellung professioneller Produkte und Tools<\/p>\n<p>[\/et_pb_text][\/et_pb_column][\/et_pb_row][et_pb_row column_structure=&#8220;1_2,1_2&#8243; _builder_version=&#8220;4.16&#8243; global_colors_info=&#8220;{}&#8220;][et_pb_column type=&#8220;1_2&#8243; _builder_version=&#8220;4.16&#8243; custom_padding=&#8220;50px|20px|50px||true|false&#8220; animation_style=&#8220;slide&#8220; animation_direction=&#8220;left&#8220; global_colors_info=&#8220;{}&#8220;][et_pb_divider color=&#8220;#000000&#8243; divider_weight=&#8220;3px&#8220; _builder_version=&#8220;4.16&#8243; width=&#8220;86%&#8220; custom_margin_tablet=&#8220;&#8220; custom_margin_phone=&#8220;-4px||8px||false|false&#8220; custom_margin_last_edited=&#8220;on|phone&#8220; global_colors_info=&#8220;{}&#8220;][\/et_pb_divider][et_pb_text _builder_version=&#8220;4.27.4&#8243; header_2_font=&#8220;Raleway|500||||on|||&#8220; header_2_text_color=&#8220;#333333&#8243; header_2_font_size=&#8220;45px&#8220; custom_margin=&#8220;||16px|||&#8220; custom_margin_tablet=&#8220;&#8220; custom_margin_phone=&#8220;||10px||false|false&#8220; custom_margin_last_edited=&#8220;on|phone&#8220; header_2_font_size_tablet=&#8220;&#8220; header_2_font_size_phone=&#8220;31px&#8220; header_2_font_size_last_edited=&#8220;on|phone&#8220; global_colors_info=&#8220;{}&#8220;]<\/p>\n<h1><strong><span style=\"color: #ff9900;\">F\u00fcr wen ist mein Service geeignet?<\/span><\/strong><\/h1>\n<p>[\/et_pb_text][et_pb_text _builder_version=&#8220;4.27.4&#8243; text_font=&#8220;Quattrocento||||||||&#8220; text_text_color=&#8220;#333333&#8243; text_font_size=&#8220;16px&#8220; text_line_height=&#8220;2em&#8220; text_font_size_tablet=&#8220;&#8220; text_font_size_phone=&#8220;14px&#8220; text_font_size_last_edited=&#8220;on|phone&#8220; global_colors_info=&#8220;{}&#8220;]<\/p>\n<ul>\n<li><strong>Werbe- und Imagefilme<br \/><span style=\"color: #ffffff;\">.<\/span><\/strong><\/li>\n<li><strong>Musikvideos<br \/><span style=\"color: #ffffff;\">.<\/span><\/strong><\/li>\n<li><strong>Interviews &amp; Moderationen<br \/><span style=\"color: #ffffff;\">.<\/span><\/strong><\/li>\n<li><strong>Social-Media-Produktionen<br \/><span style=\"color: #ffffff;\">.<\/span><\/strong><\/li>\n<li><strong>Film- und Fernsehproduktionen<\/strong><\/li>\n<\/ul>\n<p>[\/et_pb_text][\/et_pb_column][et_pb_column type=&#8220;1_2&#8243; _builder_version=&#8220;4.16&#8243; custom_padding=&#8220;33px||||false|false&#8220; animation_style=&#8220;slide&#8220; animation_direction=&#8220;right&#8220; global_colors_info=&#8220;{}&#8220;][et_pb_image src=&#8220;https:\/\/conny-gluth.de\/1\/wp-content\/uploads\/2025\/11\/Bild-1.jpg&#8220; title_text=&#8220;Bild 1&#8243; _builder_version=&#8220;4.27.4&#8243; custom_margin_tablet=&#8220;&#8220; custom_margin_phone=&#8220;-59px||||false|false&#8220; custom_margin_last_edited=&#8220;on|phone&#8220; border_width_all=&#8220;15px&#8220; border_color_all=&#8220;#ffffff&#8220; box_shadow_style=&#8220;preset3&#8243; global_colors_info=&#8220;{}&#8220;][\/et_pb_image][\/et_pb_column][\/et_pb_row][et_pb_row column_structure=&#8220;1_2,1_2&#8243; _builder_version=&#8220;4.27.4&#8243; width=&#8220;100%&#8220; width_tablet=&#8220;84%&#8220; width_phone=&#8220;&#8220; width_last_edited=&#8220;on|tablet&#8220; max_width=&#8220;1132px&#8220; max_width_tablet=&#8220;&#8220; max_width_phone=&#8220;&#8220; max_width_last_edited=&#8220;on|tablet&#8220; custom_padding=&#8220;14px|||||&#8220; animation_style=&#8220;zoom&#8220; locked=&#8220;off&#8220; global_colors_info=&#8220;{}&#8220;][et_pb_column type=&#8220;1_2&#8243; _builder_version=&#8220;4.16&#8243; global_colors_info=&#8220;{}&#8220;][et_pb_image src=&#8220;https:\/\/conny-gluth.de\/1\/wp-content\/uploads\/2025\/11\/Bld-3.jpg&#8220; title_text=&#8220;Bld 3&#8243; _builder_version=&#8220;4.27.4&#8243; custom_margin_tablet=&#8220;&#8220; custom_margin_phone=&#8220;-59px||||false|false&#8220; custom_margin_last_edited=&#8220;on|phone&#8220; border_width_all=&#8220;15px&#8220; border_color_all=&#8220;#ffffff&#8220; box_shadow_style=&#8220;preset3&#8243; global_colors_info=&#8220;{}&#8220;][\/et_pb_image][\/et_pb_column][et_pb_column type=&#8220;1_2&#8243; _builder_version=&#8220;4.16&#8243; global_colors_info=&#8220;{}&#8220;][et_pb_divider color=&#8220;#000000&#8243; divider_weight=&#8220;3px&#8220; _builder_version=&#8220;4.16&#8243; width=&#8220;74%&#8220; custom_margin=&#8220;||38px|||&#8220; locked=&#8220;off&#8220; global_colors_info=&#8220;{}&#8220;][\/et_pb_divider][et_pb_text _builder_version=&#8220;4.21.0&#8243; header_2_font=&#8220;Raleway|500||||on|||&#8220; header_2_font_size=&#8220;48px&#8220; custom_margin=&#8220;||20px|||&#8220; header_2_font_size_tablet=&#8220;&#8220; header_2_font_size_phone=&#8220;37px&#8220; header_2_font_size_last_edited=&#8220;on|phone&#8220; header_2_line_height_tablet=&#8220;&#8220; header_2_line_height_phone=&#8220;1.2em&#8220; header_2_line_height_last_edited=&#8220;on|phone&#8220; locked=&#8220;off&#8220; global_colors_info=&#8220;{}&#8220;]<\/p>\n<h1><strong><span style=\"color: #ff9900;\">Dein Vorteil:<\/span><\/strong><\/h1>\n<p>[\/et_pb_text][et_pb_text _builder_version=&#8220;4.27.4&#8243; text_font=&#8220;Quattrocento||||||||&#8220; text_text_color=&#8220;#333333&#8243; text_font_size=&#8220;16px&#8220; text_line_height=&#8220;2em&#8220; custom_margin=&#8220;25px||||false|false&#8220; custom_margin_tablet=&#8220;&#8220; custom_margin_phone=&#8220;8px||||false|false&#8220; custom_margin_last_edited=&#8220;on|phone&#8220; text_font_size_tablet=&#8220;&#8220; text_font_size_phone=&#8220;14px&#8220; text_font_size_last_edited=&#8220;on|phone&#8220; locked=&#8220;off&#8220; global_colors_info=&#8220;{}&#8220;]<\/p>\n<p>Mit meiner Expertise als <strong>Make-up Artist und Stylingberaterin f\u00fcr Dreharbeiten<\/strong> garantiere ich ein professionelles Erscheinungsbild, das sowohl live am Set als auch auf dem Bildschirm \u00fcberzeugt. So k\u00f6nnen sich Regie, Produktion und Darsteller:innen ganz auf ihre Arbeit konzentrieren \u2013 w\u00e4hrend ich f\u00fcr den perfekten Look sorge.<\/p>\n<p>[\/et_pb_text][\/et_pb_column][\/et_pb_row][et_pb_row _builder_version=&#8220;4.18.0&#8243; width=&#8220;94%&#8220; width_tablet=&#8220;96%&#8220; width_phone=&#8220;&#8220; width_last_edited=&#8220;on|phone&#8220; max_width=&#8220;1286px&#8220; max_width_tablet=&#8220;&#8220; max_width_phone=&#8220;&#8220; max_width_last_edited=&#8220;on|phone&#8220; custom_padding=&#8220;14px|||||&#8220; animation_style=&#8220;slide&#8220; global_colors_info=&#8220;{}&#8220;][et_pb_column type=&#8220;4_4&#8243; _builder_version=&#8220;4.18.0&#8243; global_colors_info=&#8220;{}&#8220;][et_pb_button button_url=&#8220;@ET-DC@eyJkeW5hbWljIjp0cnVlLCJjb250ZW50IjoicG9zdF9saW5rX3VybF9wYWdlIiwic2V0dGluZ3MiOnsicG9zdF9pZCI6IjE1In19@&#8220; button_text=&#8220;Kontaktiere mich&#8220; button_alignment=&#8220;center&#8220; _builder_version=&#8220;4.18.0&#8243; _dynamic_attributes=&#8220;button_url&#8220; custom_button=&#8220;on&#8220; button_text_size=&#8220;28px&#8220; button_text_color=&#8220;#000000&#8243; button_bg_color=&#8220;#E09900&#8243; button_border_color=&#8220;#E09900&#8243; button_border_radius=&#8220;16px&#8220; button_font=&#8220;Montserrat||||||||&#8220; custom_padding=&#8220;13px|30px|13px|30px|true|true&#8220; button_text_size_tablet=&#8220;&#8220; button_text_size_phone=&#8220;15px&#8220; button_text_size_last_edited=&#8220;on|phone&#8220; box_shadow_style=&#8220;preset3&#8243; global_colors_info=&#8220;{}&#8220;][\/et_pb_button][\/et_pb_column][\/et_pb_row][et_pb_row _builder_version=&#8220;4.16&#8243; width=&#8220;100%&#8220; width_tablet=&#8220;84%&#8220; width_phone=&#8220;&#8220; width_last_edited=&#8220;on|tablet&#8220; max_width=&#8220;1132px&#8220; max_width_tablet=&#8220;&#8220; max_width_phone=&#8220;&#8220; max_width_last_edited=&#8220;on|tablet&#8220; custom_padding=&#8220;14px|||||&#8220; animation_style=&#8220;zoom&#8220; locked=&#8220;off&#8220; global_colors_info=&#8220;{}&#8220;][et_pb_column type=&#8220;4_4&#8243; _builder_version=&#8220;4.16&#8243; global_colors_info=&#8220;{}&#8220;][et_pb_divider color=&#8220;#000000&#8243; divider_weight=&#8220;3px&#8220; _builder_version=&#8220;4.16&#8243; width=&#8220;74%&#8220; custom_margin=&#8220;||38px|||&#8220; locked=&#8220;off&#8220; global_colors_info=&#8220;{}&#8220;][\/et_pb_divider][et_pb_text _builder_version=&#8220;4.27.4&#8243; header_2_font=&#8220;Raleway|500||||on|||&#8220; header_2_font_size=&#8220;48px&#8220; custom_margin=&#8220;||20px|||&#8220; header_2_font_size_tablet=&#8220;&#8220; header_2_font_size_phone=&#8220;37px&#8220; header_2_font_size_last_edited=&#8220;on|phone&#8220; header_2_line_height_tablet=&#8220;&#8220; header_2_line_height_phone=&#8220;1.2em&#8220; header_2_line_height_last_edited=&#8220;on|phone&#8220; locked=&#8220;off&#8220; global_colors_info=&#8220;{}&#8220;]<\/p>\n<h1><strong><span style=\"color: #ff9900;\">Look at my work:<\/span><\/strong><\/h1>\n<p>[\/et_pb_text][et_pb_text _builder_version=&#8220;4.27.4&#8243; text_font=&#8220;Quattrocento||||||||&#8220; text_text_color=&#8220;#333333&#8243; text_font_size=&#8220;16px&#8220; text_line_height=&#8220;2em&#8220; custom_margin=&#8220;25px||||false|false&#8220; custom_margin_tablet=&#8220;&#8220; custom_margin_phone=&#8220;8px||||false|false&#8220; custom_margin_last_edited=&#8220;on|phone&#8220; text_font_size_tablet=&#8220;&#8220; text_font_size_phone=&#8220;14px&#8220; text_font_size_last_edited=&#8220;on|phone&#8220; locked=&#8220;off&#8220; global_colors_info=&#8220;{}&#8220;]<\/p>\n<p>Ein kleiner Einblick in meine Arbeit am Set<\/p>\n<p>[\/et_pb_text][et_pb_video src=&#8220;https:\/\/conny-gluth.de\/1\/wp-content\/uploads\/2025\/11\/Video-Miryam-und-Conny.mp4&#8243; _builder_version=&#8220;4.27.4&#8243; _module_preset=&#8220;default&#8220; hover_enabled=&#8220;0&#8243; global_colors_info=&#8220;{}&#8220; max_width=&#8220;600px&#8220; sticky_enabled=&#8220;0&#8243;][\/et_pb_video][et_pb_video src=&#8220;https:\/\/conny-gluth.de\/1\/wp-content\/uploads\/2025\/11\/Dein_Glueck_ruft_1.mp4&#8243; _builder_version=&#8220;4.27.4&#8243; _module_preset=&#8220;default&#8220; hover_enabled=&#8220;0&#8243; global_colors_info=&#8220;{}&#8220; max_width=&#8220;600px&#8220; sticky_enabled=&#8220;0&#8243;][\/et_pb_video][et_pb_video src=&#8220;https:\/\/conny-gluth.de\/1\/wp-content\/uploads\/2025\/11\/Dein_Glueck_ruft_2.mp4&#8243; _builder_version=&#8220;4.27.4&#8243; _module_preset=&#8220;default&#8220; hover_enabled=&#8220;0&#8243; global_colors_info=&#8220;{}&#8220; max_width=&#8220;600px&#8220; sticky_enabled=&#8220;0&#8243;][\/et_pb_video][et_pb_video src=&#8220;https:\/\/conny-gluth.de\/1\/wp-content\/uploads\/2025\/11\/Dein_Glueck_ruft_3.mp4&#8243; _builder_version=&#8220;4.27.4&#8243; _module_preset=&#8220;default&#8220; hover_enabled=&#8220;0&#8243; global_colors_info=&#8220;{}&#8220; max_width=&#8220;600px&#8220; sticky_enabled=&#8220;0&#8243;][\/et_pb_video][et_pb_video src=&#8220;https:\/\/conny-gluth.de\/1\/wp-content\/uploads\/2025\/11\/Dein_Glueck_ruft_4.mp4&#8243; _builder_version=&#8220;4.27.4&#8243; _module_preset=&#8220;default&#8220; hover_enabled=&#8220;0&#8243; global_colors_info=&#8220;{}&#8220; max_width=&#8220;600px&#8220; sticky_enabled=&#8220;0&#8243;][\/et_pb_video][et_pb_video src=&#8220;https:\/\/conny-gluth.de\/1\/wp-content\/uploads\/2025\/11\/Dein_Glueck_ruft_5.mp4&#8243; _builder_version=&#8220;4.27.4&#8243; _module_preset=&#8220;default&#8220; hover_enabled=&#8220;0&#8243; global_colors_info=&#8220;{}&#8220; max_width=&#8220;600px&#8220; sticky_enabled=&#8220;0&#8243;][\/et_pb_video][\/et_pb_column][\/et_pb_row][et_pb_row _builder_version=&#8220;4.18.0&#8243; width=&#8220;94%&#8220; width_tablet=&#8220;96%&#8220; width_phone=&#8220;&#8220; width_last_edited=&#8220;on|phone&#8220; max_width=&#8220;1286px&#8220; max_width_tablet=&#8220;&#8220; max_width_phone=&#8220;&#8220; max_width_last_edited=&#8220;on|phone&#8220; custom_padding=&#8220;14px|||||&#8220; animation_style=&#8220;slide&#8220; global_colors_info=&#8220;{}&#8220;][et_pb_column type=&#8220;4_4&#8243; _builder_version=&#8220;4.18.0&#8243; global_colors_info=&#8220;{}&#8220;][et_pb_button button_url=&#8220;@ET-DC@eyJkeW5hbWljIjp0cnVlLCJjb250ZW50IjoicG9zdF9saW5rX3VybF9wYWdlIiwic2V0dGluZ3MiOnsicG9zdF9pZCI6IjE1In19@&#8220; button_text=&#8220;Kontaktiere mich&#8220; button_alignment=&#8220;center&#8220; _builder_version=&#8220;4.18.0&#8243; _dynamic_attributes=&#8220;button_url&#8220; custom_button=&#8220;on&#8220; button_text_size=&#8220;28px&#8220; button_text_color=&#8220;#000000&#8243; button_bg_color=&#8220;#E09900&#8243; button_border_color=&#8220;#E09900&#8243; button_border_radius=&#8220;16px&#8220; button_font=&#8220;Montserrat||||||||&#8220; custom_padding=&#8220;13px|30px|13px|30px|true|true&#8220; button_text_size_tablet=&#8220;&#8220; button_text_size_phone=&#8220;15px&#8220; button_text_size_last_edited=&#8220;on|phone&#8220; box_shadow_style=&#8220;preset3&#8243; global_colors_info=&#8220;{}&#8220;][\/et_pb_button][\/et_pb_column][\/et_pb_row][\/et_pb_section]<\/p>\n","protected":false},"excerpt":{"rendered":"<p>Professionelles Make-up &amp; Styling f\u00fcr Dreharbeiten Deine Visagistin am Set \u00a0 \u00a0Als erfahrene Visagistin und Stylingberaterin f\u00fcr Dreharbeiten sorge ich daf\u00fcr, dass Schauspieler:innen, Moderator:innen und Models vor der Kamera perfekt in Szene gesetzt werden. Ob Werbespot oder Imagefilm, Filmproduktion oder TV-Show \u2013 ein professionelles Make-up und ein stimmiges Styling sind entscheidend f\u00fcr den Erfolg jeder [&hellip;]<\/p>\n","protected":false},"author":1,"featured_media":0,"parent":818,"menu_order":0,"comment_status":"closed","ping_status":"closed","template":"","meta":{"_et_pb_use_builder":"on","_et_pb_old_content":"","_et_gb_content_width":"","footnotes":""},"class_list":["post-953","page","type-page","status-publish","hentry"],"_links":{"self":[{"href":"https:\/\/conny-gluth.de\/1\/wp-json\/wp\/v2\/pages\/953","targetHints":{"allow":["GET"]}}],"collection":[{"href":"https:\/\/conny-gluth.de\/1\/wp-json\/wp\/v2\/pages"}],"about":[{"href":"https:\/\/conny-gluth.de\/1\/wp-json\/wp\/v2\/types\/page"}],"author":[{"embeddable":true,"href":"https:\/\/conny-gluth.de\/1\/wp-json\/wp\/v2\/users\/1"}],"replies":[{"embeddable":true,"href":"https:\/\/conny-gluth.de\/1\/wp-json\/wp\/v2\/comments?post=953"}],"version-history":[{"count":10,"href":"https:\/\/conny-gluth.de\/1\/wp-json\/wp\/v2\/pages\/953\/revisions"}],"predecessor-version":[{"id":1002,"href":"https:\/\/conny-gluth.de\/1\/wp-json\/wp\/v2\/pages\/953\/revisions\/1002"}],"up":[{"embeddable":true,"href":"https:\/\/conny-gluth.de\/1\/wp-json\/wp\/v2\/pages\/818"}],"wp:attachment":[{"href":"https:\/\/conny-gluth.de\/1\/wp-json\/wp\/v2\/media?parent=953"}],"curies":[{"name":"wp","href":"https:\/\/api.w.org\/{rel}","templated":true}]}}